{"id":98,"date":"2021-03-17T19:11:13","date_gmt":"2021-03-17T22:11:13","guid":{"rendered":"http:\/\/rnpremium.com.br\/loja\/?post_type=product&#038;p=98"},"modified":"2024-08-23T14:29:39","modified_gmt":"2024-08-23T17:29:39","slug":"toner-compativel-hp-05-80a-2-3k","status":"publish","type":"product","link":"https:\/\/rnpremium.com.br\/loja\/produto\/toner-compativel-hp-05-80a-2-3k\/","title":{"rendered":"TONER SIMILAR HP(05A\/80A) CE505A\/CF280A BLACK"},"content":{"rendered":"<p>utilizado nos seguintes modelos de LaserJet HP: P-2035, P-2055, P2050 P 2050, P2035N 2035N, P2055N 2055N, P2055X 2055X, P2055DN 2055DN, M-425, M-401, M401N 401N, M425DN 425DN, M401DNE 401DNE, M401DN 401DN, M401DW 401DW.<\/p>\n","protected":false},"excerpt":{"rendered":"<p>Toner Similar, novo.<\/p>\n<p>Rende em m\u00e9dia 2.300 p\u00e1ginas considerando 5% de cobertura no papel A4 . Impress\u00f5es simples sem logomarcas, negrito, gr\u00e1ficos, tabelas.<\/p>\n","protected":false},"featured_media":75,"template":"","meta":[],"product_brand":[],"product_cat":[18],"product_tag":[25],"class_list":{"0":"post-98","1":"product","2":"type-product","3":"status-publish","4":"has-post-thumbnail","6":"product_cat-toners","7":"product_tag-hp","9":"first","10":"instock","11":"taxable","12":"shipping-taxable","13":"purchasable","14":"product-type-simple"},"_links":{"self":[{"href":"https:\/\/rnpremium.com.br\/loja\/wp-json\/wp\/v2\/product\/98","targetHints":{"allow":["GET"]}}],"collection":[{"href":"https:\/\/rnpremium.com.br\/loja\/wp-json\/wp\/v2\/product"}],"about":[{"href":"https:\/\/rnpremium.com.br\/loja\/wp-json\/wp\/v2\/types\/product"}],"wp:featuredmedia":[{"embeddable":true,"href":"https:\/\/rnpremium.com.br\/loja\/wp-json\/wp\/v2\/media\/75"}],"wp:attachment":[{"href":"https:\/\/rnpremium.com.br\/loja\/wp-json\/wp\/v2\/media?parent=98"}],"wp:term":[{"taxonomy":"product_brand","embeddable":true,"href":"https:\/\/rnpremium.com.br\/loja\/wp-json\/wp\/v2\/product_brand?post=98"},{"taxonomy":"product_cat","embeddable":true,"href":"https:\/\/rnpremium.com.br\/loja\/wp-json\/wp\/v2\/product_cat?post=98"},{"taxonomy":"product_tag","embeddable":true,"href":"https:\/\/rnpremium.com.br\/loja\/wp-json\/wp\/v2\/product_tag?post=98"}],"curies":[{"name":"wp","href":"https:\/\/api.w.org\/{rel}","templated":true}]}}