{"id":90,"date":"2021-03-17T19:00:51","date_gmt":"2021-03-17T22:00:51","guid":{"rendered":"http:\/\/rnpremium.com.br\/loja\/?post_type=product&#038;p=90"},"modified":"2025-07-25T10:24:23","modified_gmt":"2025-07-25T13:24:23","slug":"toner-compativel-brother-tn-580-650-8k","status":"publish","type":"product","link":"https:\/\/rnpremium.com.br\/loja\/produto\/toner-compativel-brother-tn-580-650-8k\/","title":{"rendered":"TONER SIMILAR BROTHER(650) TN580\/650 BLACK"},"content":{"rendered":"<p>Usado nas seguintes impressoras brother: HL 5240, HL 5250, HL 5280,HL 5340,HL 5350,HL 5380 DCP 8060, DCP 8065,DCP 8080DN,DCP 8085DN,DCP 8380,DCP 8480DN,MFC 8460, MFC 8660, MFC 8860, MFC 8870.<\/p>\n","protected":false},"excerpt":{"rendered":"<p>Toner Similar, novo.<\/p>\n<p>Rende em m\u00e9dia 8.000 p\u00e1ginas considerando 5% de cobertura no papel A4 . Impress\u00f5es simples sem logomarcas, negrito, gr\u00e1ficos, tabelas.<\/p>\n","protected":false},"featured_media":81,"template":"","meta":[],"product_brand":[],"product_cat":[18],"product_tag":[27],"class_list":{"0":"post-90","1":"product","2":"type-product","3":"status-publish","4":"has-post-thumbnail","6":"product_cat-toners","7":"product_tag-brother","9":"first","10":"instock","11":"taxable","12":"shipping-taxable","13":"purchasable","14":"product-type-simple"},"_links":{"self":[{"href":"https:\/\/rnpremium.com.br\/loja\/wp-json\/wp\/v2\/product\/90","targetHints":{"allow":["GET"]}}],"collection":[{"href":"https:\/\/rnpremium.com.br\/loja\/wp-json\/wp\/v2\/product"}],"about":[{"href":"https:\/\/rnpremium.com.br\/loja\/wp-json\/wp\/v2\/types\/product"}],"wp:featuredmedia":[{"embeddable":true,"href":"https:\/\/rnpremium.com.br\/loja\/wp-json\/wp\/v2\/media\/81"}],"wp:attachment":[{"href":"https:\/\/rnpremium.com.br\/loja\/wp-json\/wp\/v2\/media?parent=90"}],"wp:term":[{"taxonomy":"product_brand","embeddable":true,"href":"https:\/\/rnpremium.com.br\/loja\/wp-json\/wp\/v2\/product_brand?post=90"},{"taxonomy":"product_cat","embeddable":true,"href":"https:\/\/rnpremium.com.br\/loja\/wp-json\/wp\/v2\/product_cat?post=90"},{"taxonomy":"product_tag","embeddable":true,"href":"https:\/\/rnpremium.com.br\/loja\/wp-json\/wp\/v2\/product_tag?post=90"}],"curies":[{"name":"wp","href":"https:\/\/api.w.org\/{rel}","templated":true}]}}