{"id":87,"date":"2021-03-17T18:59:47","date_gmt":"2021-03-17T21:59:47","guid":{"rendered":"http:\/\/rnpremium.com.br\/loja\/?post_type=product&#038;p=87"},"modified":"2026-03-17T10:39:21","modified_gmt":"2026-03-17T13:39:21","slug":"toner-compativel-brother-tn-1060-1k","status":"publish","type":"product","link":"https:\/\/rnpremium.com.br\/loja\/produto\/toner-compativel-brother-tn-1060-1k\/","title":{"rendered":"TONER SIMILAR BROTHER(1060) TN1060 BLACK"},"content":{"rendered":"<p>usado nas seguintes impressoras Brother: DCP-1602, DCP-1512, DCP-1617NW DCP1617 1617, DCP1610 DCP-1610, HL-1112, HL-1202, HL-1212W HL1212 1212.<\/p>\n","protected":false},"excerpt":{"rendered":"<p>Toner Similar, novo.<\/p>\n<p>Rende em m\u00e9dia 1.000 p\u00e1ginas considerando 5% de cobertura no papel A4 . Impress\u00f5es simples sem logomarcas, negrito, gr\u00e1ficos, tabelas.<\/p>\n","protected":false},"featured_media":246,"template":"","meta":[],"product_brand":[],"product_cat":[18],"product_tag":[27],"class_list":{"0":"post-87","1":"product","2":"type-product","3":"status-publish","4":"has-post-thumbnail","6":"product_cat-toners","7":"product_tag-brother","9":"first","10":"instock","11":"taxable","12":"shipping-taxable","13":"purchasable","14":"product-type-simple"},"_links":{"self":[{"href":"https:\/\/rnpremium.com.br\/loja\/wp-json\/wp\/v2\/product\/87","targetHints":{"allow":["GET"]}}],"collection":[{"href":"https:\/\/rnpremium.com.br\/loja\/wp-json\/wp\/v2\/product"}],"about":[{"href":"https:\/\/rnpremium.com.br\/loja\/wp-json\/wp\/v2\/types\/product"}],"wp:featuredmedia":[{"embeddable":true,"href":"https:\/\/rnpremium.com.br\/loja\/wp-json\/wp\/v2\/media\/246"}],"wp:attachment":[{"href":"https:\/\/rnpremium.com.br\/loja\/wp-json\/wp\/v2\/media?parent=87"}],"wp:term":[{"taxonomy":"product_brand","embeddable":true,"href":"https:\/\/rnpremium.com.br\/loja\/wp-json\/wp\/v2\/product_brand?post=87"},{"taxonomy":"product_cat","embeddable":true,"href":"https:\/\/rnpremium.com.br\/loja\/wp-json\/wp\/v2\/product_cat?post=87"},{"taxonomy":"product_tag","embeddable":true,"href":"https:\/\/rnpremium.com.br\/loja\/wp-json\/wp\/v2\/product_tag?post=87"}],"curies":[{"name":"wp","href":"https:\/\/api.w.org\/{rel}","templated":true}]}}