{"id":86,"date":"2021-03-17T18:59:22","date_gmt":"2021-03-17T21:59:22","guid":{"rendered":"http:\/\/rnpremium.com.br\/loja\/?post_type=product&#038;p=86"},"modified":"2026-04-01T16:06:55","modified_gmt":"2026-04-01T19:06:55","slug":"toner-compativel-brother-850-3442-8k","status":"publish","type":"product","link":"https:\/\/rnpremium.com.br\/loja\/produto\/toner-compativel-brother-850-3442-8k\/","title":{"rendered":"TONER SIMILAR BROTHER(3442) TN850\/3442 BLACK"},"content":{"rendered":"<p>Usado nos seguintes modelos de impressoras Brother: HL-L6202DW HL6202DW HL6202 6202DW, HL5102DW HL5102 5102DW\u00a0 L5102, HL-L5202DW HL5202 5202 DCP L5502DN 5502DW L5502, DCP-L5602DN DCPL5602DN DCPL5602 5602DN 5602 L5602, DCP L5652DN DCP L5652 5652DN 5652 L5652, MFC-L5902DW MFC L5902DW MFC L5902 5902DW 5902 L5902, MFC L5702DW MFCL5702 5702DW 5702<\/p>\n","protected":false},"excerpt":{"rendered":"<p>Toner Similar, novo.<\/p>\n<p>Rende em m\u00e9dia 8.000 p\u00e1ginas considerando 5% de cobertura no papel A4 . Impress\u00f5es simples sem logomarcas, negrito, gr\u00e1ficos, tabelas.<\/p>\n","protected":false},"featured_media":248,"template":"","meta":[],"product_brand":[],"product_cat":[18],"product_tag":[27],"class_list":{"0":"post-86","1":"product","2":"type-product","3":"status-publish","4":"has-post-thumbnail","6":"product_cat-toners","7":"product_tag-brother","9":"first","10":"instock","11":"taxable","12":"shipping-taxable","13":"purchasable","14":"product-type-simple"},"_links":{"self":[{"href":"https:\/\/rnpremium.com.br\/loja\/wp-json\/wp\/v2\/product\/86","targetHints":{"allow":["GET"]}}],"collection":[{"href":"https:\/\/rnpremium.com.br\/loja\/wp-json\/wp\/v2\/product"}],"about":[{"href":"https:\/\/rnpremium.com.br\/loja\/wp-json\/wp\/v2\/types\/product"}],"wp:featuredmedia":[{"embeddable":true,"href":"https:\/\/rnpremium.com.br\/loja\/wp-json\/wp\/v2\/media\/248"}],"wp:attachment":[{"href":"https:\/\/rnpremium.com.br\/loja\/wp-json\/wp\/v2\/media?parent=86"}],"wp:term":[{"taxonomy":"product_brand","embeddable":true,"href":"https:\/\/rnpremium.com.br\/loja\/wp-json\/wp\/v2\/product_brand?post=86"},{"taxonomy":"product_cat","embeddable":true,"href":"https:\/\/rnpremium.com.br\/loja\/wp-json\/wp\/v2\/product_cat?post=86"},{"taxonomy":"product_tag","embeddable":true,"href":"https:\/\/rnpremium.com.br\/loja\/wp-json\/wp\/v2\/product_tag?post=86"}],"curies":[{"name":"wp","href":"https:\/\/api.w.org\/{rel}","templated":true}]}}