{"id":49,"date":"2021-03-17T18:58:54","date_gmt":"2021-03-17T21:58:54","guid":{"rendered":"http:\/\/rnpremium.com.br\/loja\/?post_type=product&#038;p=49"},"modified":"2026-04-01T16:26:19","modified_gmt":"2026-04-01T19:26:19","slug":"toner-compativel-brother-2340-2370-2-6k","status":"publish","type":"product","link":"https:\/\/rnpremium.com.br\/loja\/produto\/toner-compativel-brother-2340-2370-2-6k\/","title":{"rendered":"TONER SIMILAR BROTHER(2340\/2370) TN660 BLACK"},"content":{"rendered":"<p>usado nas seguintes impressoras Brother: DCP-L2540DW DCPL2540DW DCPL-2540 2540DW, DCP-L2520DW DCPL2520DW DCPL-2520 2520DW, MFC-L2740DW MFCL2740DW MFCL-2740 2740DW, MFC-L2700DW 2700DW, MFC-L2720DW MFCL2720DW MFCL-2720 2720DW, HL-L2360DW HL-L2360 HLL2360DW HLL-2360 2360DW, HL-L2320D HLL2320D HLL-2320 2320D, HL-L2320.<\/p>\n","protected":false},"excerpt":{"rendered":"<p>Toner Similar, novo.<\/p>\n<p>Rende em m\u00e9dia 2.600 p\u00e1ginas considerando 5% de cobertura no papel A4 . Impress\u00f5es simples sem logomarcas, negrito, gr\u00e1ficos, tabelas.<\/p>\n","protected":false},"featured_media":250,"template":"","meta":[],"product_brand":[],"product_cat":[18],"product_tag":[27],"class_list":{"0":"post-49","1":"product","2":"type-product","3":"status-publish","4":"has-post-thumbnail","6":"product_cat-toners","7":"product_tag-brother","9":"first","10":"instock","11":"taxable","12":"shipping-taxable","13":"purchasable","14":"product-type-simple"},"_links":{"self":[{"href":"https:\/\/rnpremium.com.br\/loja\/wp-json\/wp\/v2\/product\/49","targetHints":{"allow":["GET"]}}],"collection":[{"href":"https:\/\/rnpremium.com.br\/loja\/wp-json\/wp\/v2\/product"}],"about":[{"href":"https:\/\/rnpremium.com.br\/loja\/wp-json\/wp\/v2\/types\/product"}],"wp:featuredmedia":[{"embeddable":true,"href":"https:\/\/rnpremium.com.br\/loja\/wp-json\/wp\/v2\/media\/250"}],"wp:attachment":[{"href":"https:\/\/rnpremium.com.br\/loja\/wp-json\/wp\/v2\/media?parent=49"}],"wp:term":[{"taxonomy":"product_brand","embeddable":true,"href":"https:\/\/rnpremium.com.br\/loja\/wp-json\/wp\/v2\/product_brand?post=49"},{"taxonomy":"product_cat","embeddable":true,"href":"https:\/\/rnpremium.com.br\/loja\/wp-json\/wp\/v2\/product_cat?post=49"},{"taxonomy":"product_tag","embeddable":true,"href":"https:\/\/rnpremium.com.br\/loja\/wp-json\/wp\/v2\/product_tag?post=49"}],"curies":[{"name":"wp","href":"https:\/\/api.w.org\/{rel}","templated":true}]}}