{"id":47,"date":"2021-03-17T18:48:56","date_gmt":"2021-03-17T21:48:56","guid":{"rendered":"http:\/\/rnpremium.com.br\/loja\/?post_type=product&#038;p=47"},"modified":"2021-10-27T17:46:39","modified_gmt":"2021-10-27T20:46:39","slug":"fotoc-compativel-brother-410-20-50-12k","status":"publish","type":"product","link":"https:\/\/rnpremium.com.br\/loja\/produto\/fotoc-compativel-brother-410-20-50-12k\/","title":{"rendered":"TONER SIMILAR SAMSUNG D205 BLACK"},"content":{"rendered":"<p>Usado nos seguintes modelos de impressoras: ML-3310, ML-3710, SCX-4833, SCX-5637, ML3312 ML-3312, ML3712 ML-3712, SCX4835 SCX-4835, SCX5639 SCX-5639, SCX5739 SCX-5739, ML3310ND ML-3310ND, ML3312ND ML-3312ND, ML3710ND ML-3710ND, ML3712DW ML-3712DW, ML3712ND ML-3712ND, SCX4833FD SCX-4833FD, SCX4835FD SCX-4835FD, SCX4835FR SCX-4835FR, SCX5637FR SCX-5637FR, SCX5639FR SCX-5639FR, SCX5739FW SCX-5739FW.<\/p>\n","protected":false},"excerpt":{"rendered":"<p>Toner Similar, novo.<\/p>\n<p>Rende em m\u00e9dia 10.000 p\u00e1ginas considerando 5% de cobertura no papel A4 . Impress\u00f5es simples sem logomarcas, negrito, gr\u00e1ficos, tabelas.<\/p>\n","protected":false},"featured_media":305,"template":"","meta":[],"product_brand":[],"product_cat":[18],"product_tag":[24],"class_list":{"0":"post-47","1":"product","2":"type-product","3":"status-publish","4":"has-post-thumbnail","6":"product_cat-toners","7":"product_tag-samsung","9":"first","10":"instock","11":"taxable","12":"shipping-taxable","13":"purchasable","14":"product-type-simple"},"_links":{"self":[{"href":"https:\/\/rnpremium.com.br\/loja\/wp-json\/wp\/v2\/product\/47","targetHints":{"allow":["GET"]}}],"collection":[{"href":"https:\/\/rnpremium.com.br\/loja\/wp-json\/wp\/v2\/product"}],"about":[{"href":"https:\/\/rnpremium.com.br\/loja\/wp-json\/wp\/v2\/types\/product"}],"wp:featuredmedia":[{"embeddable":true,"href":"https:\/\/rnpremium.com.br\/loja\/wp-json\/wp\/v2\/media\/305"}],"wp:attachment":[{"href":"https:\/\/rnpremium.com.br\/loja\/wp-json\/wp\/v2\/media?parent=47"}],"wp:term":[{"taxonomy":"product_brand","embeddable":true,"href":"https:\/\/rnpremium.com.br\/loja\/wp-json\/wp\/v2\/product_brand?post=47"},{"taxonomy":"product_cat","embeddable":true,"href":"https:\/\/rnpremium.com.br\/loja\/wp-json\/wp\/v2\/product_cat?post=47"},{"taxonomy":"product_tag","embeddable":true,"href":"https:\/\/rnpremium.com.br\/loja\/wp-json\/wp\/v2\/product_tag?post=47"}],"curies":[{"name":"wp","href":"https:\/\/api.w.org\/{rel}","templated":true}]}}