{"id":310,"date":"2021-07-23T18:00:03","date_gmt":"2021-07-23T21:00:03","guid":{"rendered":"https:\/\/rnpremium.com.br\/loja\/?post_type=product&#038;p=310"},"modified":"2023-02-03T13:38:47","modified_gmt":"2023-02-03T16:38:47","slug":"toner-similar-hp125a-128a-131a-542a-322a-212a-yellow","status":"publish","type":"product","link":"https:\/\/rnpremium.com.br\/loja\/produto\/toner-similar-hp125a-128a-131a-542a-322a-212a-yellow\/","title":{"rendered":"TONER SIMILAR HP(125A\/128A\/131A) 542A\/322A\/212A YELLOW"},"content":{"rendered":"<p>Usado nos seguintes modelos de impressoras HP:<\/p>\n<p>Laser Jet Pro 200 M251<br \/>\nLaser Jet Pro 200 M276<br \/>\nLaser Jet Pro 200 M251N<br \/>\nLaser Jet Pro 200 M251NW<br \/>\nLaser Jet Pro 200 MFP M276N<br \/>\nLaser Jet Pro 200 MFP M276NW<\/p>\n","protected":false},"excerpt":{"rendered":"<p>Toner Similar, novo.<\/p>\n<p>Rende em m\u00e9dia 1.800 p\u00e1ginas considerando 5% de cobertura no papel A4 . Impress\u00f5es simples sem logomarcas, negrito, gr\u00e1ficos, tabelas.<\/p>\n","protected":false},"featured_media":311,"template":"","meta":[],"product_brand":[],"product_cat":[18],"product_tag":[25],"class_list":{"0":"post-310","1":"product","2":"type-product","3":"status-publish","4":"has-post-thumbnail","6":"product_cat-toners","7":"product_tag-hp","9":"first","10":"instock","11":"taxable","12":"shipping-taxable","13":"purchasable","14":"product-type-simple"},"_links":{"self":[{"href":"https:\/\/rnpremium.com.br\/loja\/wp-json\/wp\/v2\/product\/310","targetHints":{"allow":["GET"]}}],"collection":[{"href":"https:\/\/rnpremium.com.br\/loja\/wp-json\/wp\/v2\/product"}],"about":[{"href":"https:\/\/rnpremium.com.br\/loja\/wp-json\/wp\/v2\/types\/product"}],"wp:featuredmedia":[{"embeddable":true,"href":"https:\/\/rnpremium.com.br\/loja\/wp-json\/wp\/v2\/media\/311"}],"wp:attachment":[{"href":"https:\/\/rnpremium.com.br\/loja\/wp-json\/wp\/v2\/media?parent=310"}],"wp:term":[{"taxonomy":"product_brand","embeddable":true,"href":"https:\/\/rnpremium.com.br\/loja\/wp-json\/wp\/v2\/product_brand?post=310"},{"taxonomy":"product_cat","embeddable":true,"href":"https:\/\/rnpremium.com.br\/loja\/wp-json\/wp\/v2\/product_cat?post=310"},{"taxonomy":"product_tag","embeddable":true,"href":"https:\/\/rnpremium.com.br\/loja\/wp-json\/wp\/v2\/product_tag?post=310"}],"curies":[{"name":"wp","href":"https:\/\/api.w.org\/{rel}","templated":true}]}}