{"id":291,"date":"2021-07-02T16:03:33","date_gmt":"2021-07-02T19:03:33","guid":{"rendered":"https:\/\/rnpremium.com.br\/loja\/?post_type=product&#038;p=291"},"modified":"2025-12-11T11:10:54","modified_gmt":"2025-12-11T14:10:54","slug":"cilindro-similar-unidade-tambor-420-450-brother-dr420-450","status":"publish","type":"product","link":"https:\/\/rnpremium.com.br\/loja\/produto\/cilindro-similar-unidade-tambor-420-450-brother-dr420-450\/","title":{"rendered":"CILINDRO SIMILAR (UNIDADE TAMBOR 420\/450) BROTHER DR420\/450"},"content":{"rendered":"<p>cilindro similar Brother utilizado nos toners: TN410\/TN420\/TN450<\/p>\n","protected":false},"excerpt":{"rendered":"<p>Produto Similar, novo<\/p>\n<p>UNIDADE TAMBOR DR420\/450<\/p>\n<p>Rende em m\u00e9dia 12.000 p\u00e1ginas considerando 5% de cobertura no papel A4 . Impress\u00f5es simples sem logomarcas, negrito, gr\u00e1ficos, tabelas.<\/p>\n","protected":false},"featured_media":292,"template":"","meta":[],"product_brand":[],"product_cat":[22],"product_tag":[27],"class_list":{"0":"post-291","1":"product","2":"type-product","3":"status-publish","4":"has-post-thumbnail","6":"product_cat-cilindros","7":"product_tag-brother","9":"first","10":"instock","11":"taxable","12":"shipping-taxable","13":"purchasable","14":"product-type-simple"},"_links":{"self":[{"href":"https:\/\/rnpremium.com.br\/loja\/wp-json\/wp\/v2\/product\/291","targetHints":{"allow":["GET"]}}],"collection":[{"href":"https:\/\/rnpremium.com.br\/loja\/wp-json\/wp\/v2\/product"}],"about":[{"href":"https:\/\/rnpremium.com.br\/loja\/wp-json\/wp\/v2\/types\/product"}],"wp:featuredmedia":[{"embeddable":true,"href":"https:\/\/rnpremium.com.br\/loja\/wp-json\/wp\/v2\/media\/292"}],"wp:attachment":[{"href":"https:\/\/rnpremium.com.br\/loja\/wp-json\/wp\/v2\/media?parent=291"}],"wp:term":[{"taxonomy":"product_brand","embeddable":true,"href":"https:\/\/rnpremium.com.br\/loja\/wp-json\/wp\/v2\/product_brand?post=291"},{"taxonomy":"product_cat","embeddable":true,"href":"https:\/\/rnpremium.com.br\/loja\/wp-json\/wp\/v2\/product_cat?post=291"},{"taxonomy":"product_tag","embeddable":true,"href":"https:\/\/rnpremium.com.br\/loja\/wp-json\/wp\/v2\/product_tag?post=291"}],"curies":[{"name":"wp","href":"https:\/\/api.w.org\/{rel}","templated":true}]}}