{"id":162,"date":"2021-04-06T19:30:32","date_gmt":"2021-04-06T22:30:32","guid":{"rendered":"http:\/\/rnpremium.com.br\/loja\/?post_type=product&#038;p=162"},"modified":"2026-03-09T17:19:33","modified_gmt":"2026-03-09T20:19:33","slug":"toner-samsung-d111-com-chip-p-2070","status":"publish","type":"product","link":"https:\/\/rnpremium.com.br\/loja\/produto\/toner-samsung-d111-com-chip-p-2070\/","title":{"rendered":"TONER SIMILAR SAMSUNG D111 BLACK"},"content":{"rendered":"<p>Usado nos seguintes modelos de impressoras Samsung: XPRESS M-2020, M-2020W, M-2020FW, M-2021, M-2021W M-2070, M-2070FW, M-2070W, M-2070F, M-2071W, M-2071, M-2071FH<\/p>\n","protected":false},"excerpt":{"rendered":"<p>Toner Similar, novo.<\/p>\n<p>Rende em m\u00e9dia 1.000 p\u00e1ginas considerando 5% de cobertura no papel A4 . Impress\u00f5es simples sem logomarcas, negrito, gr\u00e1ficos, tabelas.<\/p>\n","protected":false},"featured_media":145,"template":"","meta":[],"product_brand":[],"product_cat":[18],"product_tag":[24],"class_list":{"0":"post-162","1":"product","2":"type-product","3":"status-publish","4":"has-post-thumbnail","6":"product_cat-toners","7":"product_tag-samsung","9":"first","10":"instock","11":"taxable","12":"shipping-taxable","13":"purchasable","14":"product-type-simple"},"_links":{"self":[{"href":"https:\/\/rnpremium.com.br\/loja\/wp-json\/wp\/v2\/product\/162","targetHints":{"allow":["GET"]}}],"collection":[{"href":"https:\/\/rnpremium.com.br\/loja\/wp-json\/wp\/v2\/product"}],"about":[{"href":"https:\/\/rnpremium.com.br\/loja\/wp-json\/wp\/v2\/types\/product"}],"wp:featuredmedia":[{"embeddable":true,"href":"https:\/\/rnpremium.com.br\/loja\/wp-json\/wp\/v2\/media\/145"}],"wp:attachment":[{"href":"https:\/\/rnpremium.com.br\/loja\/wp-json\/wp\/v2\/media?parent=162"}],"wp:term":[{"taxonomy":"product_brand","embeddable":true,"href":"https:\/\/rnpremium.com.br\/loja\/wp-json\/wp\/v2\/product_brand?post=162"},{"taxonomy":"product_cat","embeddable":true,"href":"https:\/\/rnpremium.com.br\/loja\/wp-json\/wp\/v2\/product_cat?post=162"},{"taxonomy":"product_tag","embeddable":true,"href":"https:\/\/rnpremium.com.br\/loja\/wp-json\/wp\/v2\/product_tag?post=162"}],"curies":[{"name":"wp","href":"https:\/\/api.w.org\/{rel}","templated":true}]}}