{"id":132,"date":"2021-04-05T17:11:35","date_gmt":"2021-04-05T20:11:35","guid":{"rendered":"http:\/\/rnpremium.com.br\/loja\/?post_type=product&#038;p=132"},"modified":"2025-12-11T11:20:38","modified_gmt":"2025-12-11T14:20:38","slug":"fotoc-hp-219a-12k","status":"publish","type":"product","link":"https:\/\/rnpremium.com.br\/loja\/produto\/fotoc-hp-219a-12k\/","title":{"rendered":"CILINDRO SIMILAR (UNIDADE TAMBOR 19A) HP 219A"},"content":{"rendered":"<p>cilindro similar HP utilizado no toner: 18A (218A)<\/p>\n","protected":false},"excerpt":{"rendered":"<p>Produto Similar,Novo.<br \/>\nUnidade de Imagem HP CF219A<\/p>\n<p>Rende em m\u00e9dia 12.000 p\u00e1ginas considerando 5% de cobertura no papel A4 . Impress\u00f5es simples sem logomarcas, negrito, gr\u00e1ficos, tabelas.<\/p>\n","protected":false},"featured_media":133,"template":"","meta":[],"product_brand":[],"product_cat":[22],"product_tag":[25],"class_list":{"0":"post-132","1":"product","2":"type-product","3":"status-publish","4":"has-post-thumbnail","6":"product_cat-cilindros","7":"product_tag-hp","9":"first","10":"instock","11":"taxable","12":"shipping-taxable","13":"purchasable","14":"product-type-simple"},"_links":{"self":[{"href":"https:\/\/rnpremium.com.br\/loja\/wp-json\/wp\/v2\/product\/132","targetHints":{"allow":["GET"]}}],"collection":[{"href":"https:\/\/rnpremium.com.br\/loja\/wp-json\/wp\/v2\/product"}],"about":[{"href":"https:\/\/rnpremium.com.br\/loja\/wp-json\/wp\/v2\/types\/product"}],"wp:featuredmedia":[{"embeddable":true,"href":"https:\/\/rnpremium.com.br\/loja\/wp-json\/wp\/v2\/media\/133"}],"wp:attachment":[{"href":"https:\/\/rnpremium.com.br\/loja\/wp-json\/wp\/v2\/media?parent=132"}],"wp:term":[{"taxonomy":"product_brand","embeddable":true,"href":"https:\/\/rnpremium.com.br\/loja\/wp-json\/wp\/v2\/product_brand?post=132"},{"taxonomy":"product_cat","embeddable":true,"href":"https:\/\/rnpremium.com.br\/loja\/wp-json\/wp\/v2\/product_cat?post=132"},{"taxonomy":"product_tag","embeddable":true,"href":"https:\/\/rnpremium.com.br\/loja\/wp-json\/wp\/v2\/product_tag?post=132"}],"curies":[{"name":"wp","href":"https:\/\/api.w.org\/{rel}","templated":true}]}}