{"id":130,"date":"2021-04-05T17:06:44","date_gmt":"2021-04-05T20:06:44","guid":{"rendered":"http:\/\/rnpremium.com.br\/loja\/?post_type=product&#038;p=130"},"modified":"2022-06-23T17:25:29","modified_gmt":"2022-06-23T20:25:29","slug":"fotoc-brother-720-750-780-30k","status":"publish","type":"product","link":"https:\/\/rnpremium.com.br\/loja\/produto\/fotoc-brother-720-750-780-30k\/","title":{"rendered":"CILINDRO SIMILAR (UNIDADE TAMBOR 720\/750\/780) BROTHER DR720"},"content":{"rendered":"<p>cilindro similar Brother utilizado nos toners: TN-750,TN-720, TN-780<\/p>\n","protected":false},"excerpt":{"rendered":"<p>Produto Similar,Novo.<br \/>\nUnidade de Imagem BROTHER DR720<\/p>\n<p>Rende em m\u00e9dia 30.000 p\u00e1ginas considerando 5% de cobertura no papel A4 . Impress\u00f5es simples sem logomarcas, negrito, gr\u00e1ficos, tabelas.<\/p>\n","protected":false},"featured_media":131,"template":"","meta":[],"product_brand":[],"product_cat":[22],"product_tag":[27],"class_list":{"0":"post-130","1":"product","2":"type-product","3":"status-publish","4":"has-post-thumbnail","6":"product_cat-cilindros","7":"product_tag-brother","9":"first","10":"instock","11":"taxable","12":"shipping-taxable","13":"purchasable","14":"product-type-simple"},"_links":{"self":[{"href":"https:\/\/rnpremium.com.br\/loja\/wp-json\/wp\/v2\/product\/130","targetHints":{"allow":["GET"]}}],"collection":[{"href":"https:\/\/rnpremium.com.br\/loja\/wp-json\/wp\/v2\/product"}],"about":[{"href":"https:\/\/rnpremium.com.br\/loja\/wp-json\/wp\/v2\/types\/product"}],"wp:featuredmedia":[{"embeddable":true,"href":"https:\/\/rnpremium.com.br\/loja\/wp-json\/wp\/v2\/media\/131"}],"wp:attachment":[{"href":"https:\/\/rnpremium.com.br\/loja\/wp-json\/wp\/v2\/media?parent=130"}],"wp:term":[{"taxonomy":"product_brand","embeddable":true,"href":"https:\/\/rnpremium.com.br\/loja\/wp-json\/wp\/v2\/product_brand?post=130"},{"taxonomy":"product_cat","embeddable":true,"href":"https:\/\/rnpremium.com.br\/loja\/wp-json\/wp\/v2\/product_cat?post=130"},{"taxonomy":"product_tag","embeddable":true,"href":"https:\/\/rnpremium.com.br\/loja\/wp-json\/wp\/v2\/product_tag?post=130"}],"curies":[{"name":"wp","href":"https:\/\/api.w.org\/{rel}","templated":true}]}}