{"id":108,"date":"2021-03-17T19:15:20","date_gmt":"2021-03-17T22:15:20","guid":{"rendered":"http:\/\/rnpremium.com.br\/loja\/?post_type=product&#038;p=108"},"modified":"2025-06-06T12:35:55","modified_gmt":"2025-06-06T15:35:55","slug":"toner-compativel-hp-310-350a-bk-1-3k","status":"publish","type":"product","link":"https:\/\/rnpremium.com.br\/loja\/produto\/toner-compativel-hp-310-350a-bk-1-3k\/","title":{"rendered":"TONER SIMILAR HP(126A\/130A) CE310A\/CF350A BLACK"},"content":{"rendered":"<p>Usado nas seguintes impressoras HP Laserjet pro: cp1021\/1020\/1022\/1023\/1025\/1025nw\/1026nw\/1027nw\/1028nw\/M175nw\/M175a\/M175b\/M175c\/M175e\/M175p\/M175r\/M275s\/M275t\/M275u\/M275nw\/COLOR LASERJET PRO MFP-M176n\/M177fw<\/p>\n","protected":false},"excerpt":{"rendered":"<p>Toner Similar, novo.<\/p>\n<p>Rende em m\u00e9dia 1.300 p\u00e1ginas considerando 5% de cobertura no papel A4 . Impress\u00f5es simples sem logomarcas, negrito, gr\u00e1ficos, tabelas.<\/p>\n","protected":false},"featured_media":225,"template":"","meta":[],"product_brand":[],"product_cat":[18],"product_tag":[25],"class_list":{"0":"post-108","1":"product","2":"type-product","3":"status-publish","4":"has-post-thumbnail","6":"product_cat-toners","7":"product_tag-hp","9":"first","10":"instock","11":"taxable","12":"shipping-taxable","13":"purchasable","14":"product-type-simple"},"_links":{"self":[{"href":"https:\/\/rnpremium.com.br\/loja\/wp-json\/wp\/v2\/product\/108","targetHints":{"allow":["GET"]}}],"collection":[{"href":"https:\/\/rnpremium.com.br\/loja\/wp-json\/wp\/v2\/product"}],"about":[{"href":"https:\/\/rnpremium.com.br\/loja\/wp-json\/wp\/v2\/types\/product"}],"wp:featuredmedia":[{"embeddable":true,"href":"https:\/\/rnpremium.com.br\/loja\/wp-json\/wp\/v2\/media\/225"}],"wp:attachment":[{"href":"https:\/\/rnpremium.com.br\/loja\/wp-json\/wp\/v2\/media?parent=108"}],"wp:term":[{"taxonomy":"product_brand","embeddable":true,"href":"https:\/\/rnpremium.com.br\/loja\/wp-json\/wp\/v2\/product_brand?post=108"},{"taxonomy":"product_cat","embeddable":true,"href":"https:\/\/rnpremium.com.br\/loja\/wp-json\/wp\/v2\/product_cat?post=108"},{"taxonomy":"product_tag","embeddable":true,"href":"https:\/\/rnpremium.com.br\/loja\/wp-json\/wp\/v2\/product_tag?post=108"}],"curies":[{"name":"wp","href":"https:\/\/api.w.org\/{rel}","templated":true}]}}