{"id":107,"date":"2021-03-17T19:15:00","date_gmt":"2021-03-17T22:15:00","guid":{"rendered":"http:\/\/rnpremium.com.br\/loja\/?post_type=product&#038;p=107"},"modified":"2026-04-01T16:29:11","modified_gmt":"2026-04-01T19:29:11","slug":"toner-compativel-hp-285-435-436-78a-2k","status":"publish","type":"product","link":"https:\/\/rnpremium.com.br\/loja\/produto\/toner-compativel-hp-285-435-436-78a-2k\/","title":{"rendered":"TONER SIMILAR HP(35A\/36A\/85A\/78A) CB435\/436\/285\/278A BLACK"},"content":{"rendered":"<p>Usado nas seguintes impressoras HP: P1005\/P1006\/P1505\/M1120\/M1522\/P1505N\/M1522N\/M1522NF\/P1102\/M1210\/M1212\/M1130\/M1132\/M1217\/P1102W\/M1217FW\/P1606DN\/1536<\/p>\n","protected":false},"excerpt":{"rendered":"<p>Toner Similar, novo.<\/p>\n<p>Rende em m\u00e9dia 1.800 p\u00e1ginas considerando 5% de cobertura no papel A4 . Impress\u00f5es simples sem logomarcas, negrito, gr\u00e1ficos, tabelas.<\/p>\n","protected":false},"featured_media":444,"template":"","meta":[],"product_brand":[],"product_cat":[18],"product_tag":[25],"class_list":{"0":"post-107","1":"product","2":"type-product","3":"status-publish","4":"has-post-thumbnail","6":"product_cat-toners","7":"product_tag-hp","9":"first","10":"instock","11":"taxable","12":"shipping-taxable","13":"purchasable","14":"product-type-simple"},"_links":{"self":[{"href":"https:\/\/rnpremium.com.br\/loja\/wp-json\/wp\/v2\/product\/107","targetHints":{"allow":["GET"]}}],"collection":[{"href":"https:\/\/rnpremium.com.br\/loja\/wp-json\/wp\/v2\/product"}],"about":[{"href":"https:\/\/rnpremium.com.br\/loja\/wp-json\/wp\/v2\/types\/product"}],"wp:featuredmedia":[{"embeddable":true,"href":"https:\/\/rnpremium.com.br\/loja\/wp-json\/wp\/v2\/media\/444"}],"wp:attachment":[{"href":"https:\/\/rnpremium.com.br\/loja\/wp-json\/wp\/v2\/media?parent=107"}],"wp:term":[{"taxonomy":"product_brand","embeddable":true,"href":"https:\/\/rnpremium.com.br\/loja\/wp-json\/wp\/v2\/product_brand?post=107"},{"taxonomy":"product_cat","embeddable":true,"href":"https:\/\/rnpremium.com.br\/loja\/wp-json\/wp\/v2\/product_cat?post=107"},{"taxonomy":"product_tag","embeddable":true,"href":"https:\/\/rnpremium.com.br\/loja\/wp-json\/wp\/v2\/product_tag?post=107"}],"curies":[{"name":"wp","href":"https:\/\/api.w.org\/{rel}","templated":true}]}}