{"id":106,"date":"2021-03-17T19:14:33","date_gmt":"2021-03-17T22:14:33","guid":{"rendered":"http:\/\/rnpremium.com.br\/loja\/?post_type=product&#038;p=106"},"modified":"2026-02-23T17:46:22","modified_gmt":"2026-02-23T20:46:22","slug":"toner-compativel-hp-283a-15k","status":"publish","type":"product","link":"https:\/\/rnpremium.com.br\/loja\/produto\/toner-compativel-hp-283a-15k\/","title":{"rendered":"TONER SIMILAR HP(83A) CF283A BLACK"},"content":{"rendered":"<p>usado nas seguintes impressora<strong>s HP<\/strong>: M125A\/<a href=\"http:\/\/www.creativecopias.com.br\/impressora-hp-laserjet-m125nw-cz173a-multifuncional-8214.aspx\/p\">M125NW\/<\/a><a href=\"http:\/\/www.creativecopias.com.br\/impressora-hp-laserjet-m225dw-cf485a-multifuncional-com-wireless-5500.aspx\/p?cbc=1&amp;sk=4521\">M225DW\/<\/a><a href=\"http:\/\/www.creativecopias.com.br\/impressora-hp-m127fn-m127-laser-pro-multifuncional-monocromatica-5369.aspx\/p\">M127FN\/<\/a><a href=\"http:\/\/www.creativecopias.com.br\/impressora-hp-m127fw-m127-laserjet-pro-multifuncional-monocromatica-5372.aspx\/p\">M127FW<\/a><\/p>\n<p>&nbsp;<\/p>\n","protected":false},"excerpt":{"rendered":"<p>Toner Similar, novo.<\/p>\n<p>Rende em m\u00e9dia 1.500 p\u00e1ginas considerando 5% de cobertura no papel A4 . Impress\u00f5es simples sem logomarcas, negrito, gr\u00e1ficos, tabelas.<\/p>\n","protected":false},"featured_media":231,"template":"","meta":[],"product_brand":[],"product_cat":[18],"product_tag":[25],"class_list":{"0":"post-106","1":"product","2":"type-product","3":"status-publish","4":"has-post-thumbnail","6":"product_cat-toners","7":"product_tag-hp","9":"first","10":"instock","11":"taxable","12":"shipping-taxable","13":"purchasable","14":"product-type-simple"},"_links":{"self":[{"href":"https:\/\/rnpremium.com.br\/loja\/wp-json\/wp\/v2\/product\/106","targetHints":{"allow":["GET"]}}],"collection":[{"href":"https:\/\/rnpremium.com.br\/loja\/wp-json\/wp\/v2\/product"}],"about":[{"href":"https:\/\/rnpremium.com.br\/loja\/wp-json\/wp\/v2\/types\/product"}],"wp:featuredmedia":[{"embeddable":true,"href":"https:\/\/rnpremium.com.br\/loja\/wp-json\/wp\/v2\/media\/231"}],"wp:attachment":[{"href":"https:\/\/rnpremium.com.br\/loja\/wp-json\/wp\/v2\/media?parent=106"}],"wp:term":[{"taxonomy":"product_brand","embeddable":true,"href":"https:\/\/rnpremium.com.br\/loja\/wp-json\/wp\/v2\/product_brand?post=106"},{"taxonomy":"product_cat","embeddable":true,"href":"https:\/\/rnpremium.com.br\/loja\/wp-json\/wp\/v2\/product_cat?post=106"},{"taxonomy":"product_tag","embeddable":true,"href":"https:\/\/rnpremium.com.br\/loja\/wp-json\/wp\/v2\/product_tag?post=106"}],"curies":[{"name":"wp","href":"https:\/\/api.w.org\/{rel}","templated":true}]}}