{"id":103,"date":"2021-03-17T19:13:39","date_gmt":"2021-03-17T22:13:39","guid":{"rendered":"http:\/\/rnpremium.com.br\/loja\/?post_type=product&#038;p=103"},"modified":"2025-12-11T11:23:12","modified_gmt":"2025-12-11T14:23:12","slug":"fotoc-compativel-brother-3442-3492-30k","status":"publish","type":"product","link":"https:\/\/rnpremium.com.br\/loja\/produto\/fotoc-compativel-brother-3442-3492-30k\/","title":{"rendered":"CILINDRO SIMILAR (UNIDADE TAMBOR 3440) BROTHER DR880\/890"},"content":{"rendered":"<p>Cilindro similar Brother utilizado nos toners: TN-3472, TN-3422, TN-3442,TN-3492, TN-3472<\/p>\n","protected":false},"excerpt":{"rendered":"<p>cilindro Similar, novo.<\/p>\n<p>Unidade de Imagem BROTHER DR3440<\/p>\n<p>Rende em m\u00e9dia 30.000 p\u00e1ginas considerando 5% de cobertura no papel A4 . Impress\u00f5es simples sem logomarcas, negrito, gr\u00e1ficos, tabelas.<\/p>\n","protected":false},"featured_media":232,"template":"","meta":[],"product_brand":[],"product_cat":[22],"product_tag":[27],"class_list":{"0":"post-103","1":"product","2":"type-product","3":"status-publish","4":"has-post-thumbnail","6":"product_cat-cilindros","7":"product_tag-brother","9":"first","10":"instock","11":"taxable","12":"shipping-taxable","13":"purchasable","14":"product-type-simple"},"_links":{"self":[{"href":"https:\/\/rnpremium.com.br\/loja\/wp-json\/wp\/v2\/product\/103","targetHints":{"allow":["GET"]}}],"collection":[{"href":"https:\/\/rnpremium.com.br\/loja\/wp-json\/wp\/v2\/product"}],"about":[{"href":"https:\/\/rnpremium.com.br\/loja\/wp-json\/wp\/v2\/types\/product"}],"wp:featuredmedia":[{"embeddable":true,"href":"https:\/\/rnpremium.com.br\/loja\/wp-json\/wp\/v2\/media\/232"}],"wp:attachment":[{"href":"https:\/\/rnpremium.com.br\/loja\/wp-json\/wp\/v2\/media?parent=103"}],"wp:term":[{"taxonomy":"product_brand","embeddable":true,"href":"https:\/\/rnpremium.com.br\/loja\/wp-json\/wp\/v2\/product_brand?post=103"},{"taxonomy":"product_cat","embeddable":true,"href":"https:\/\/rnpremium.com.br\/loja\/wp-json\/wp\/v2\/product_cat?post=103"},{"taxonomy":"product_tag","embeddable":true,"href":"https:\/\/rnpremium.com.br\/loja\/wp-json\/wp\/v2\/product_tag?post=103"}],"curies":[{"name":"wp","href":"https:\/\/api.w.org\/{rel}","templated":true}]}}