{"id":102,"date":"2021-03-17T19:13:05","date_gmt":"2021-03-17T22:13:05","guid":{"rendered":"http:\/\/rnpremium.com.br\/loja\/?post_type=product&#038;p=102"},"modified":"2025-03-19T11:41:08","modified_gmt":"2025-03-19T14:41:08","slug":"fotoc-compativel-brother-2340-70-12k","status":"publish","type":"product","link":"https:\/\/rnpremium.com.br\/loja\/produto\/fotoc-compativel-brother-2340-70-12k\/","title":{"rendered":"CILINDRO SIMILAR (UNIDADE TAMBOR 2340\/2370) BROTHER DR630"},"content":{"rendered":"<p>Cilindro similar Brother utilizado nos toners: TN-2340\/TN-2370\/660<\/p>\n","protected":false},"excerpt":{"rendered":"<p>Cilindro Similar, novo.<\/p>\n<p>UNIDADE TAMBOR 2340\/2370<\/p>\n<p>Rende em m\u00e9dia 12.000 p\u00e1ginas considerando 5% de cobertura no papel A4 . Impress\u00f5es simples sem logomarcas, negrito, gr\u00e1ficos, tabelas.<\/p>\n","protected":false},"featured_media":234,"template":"","meta":[],"product_brand":[],"product_cat":[22],"product_tag":[27],"class_list":{"0":"post-102","1":"product","2":"type-product","3":"status-publish","4":"has-post-thumbnail","6":"product_cat-cilindros","7":"product_tag-brother","9":"first","10":"instock","11":"taxable","12":"shipping-taxable","13":"purchasable","14":"product-type-simple"},"_links":{"self":[{"href":"https:\/\/rnpremium.com.br\/loja\/wp-json\/wp\/v2\/product\/102","targetHints":{"allow":["GET"]}}],"collection":[{"href":"https:\/\/rnpremium.com.br\/loja\/wp-json\/wp\/v2\/product"}],"about":[{"href":"https:\/\/rnpremium.com.br\/loja\/wp-json\/wp\/v2\/types\/product"}],"wp:featuredmedia":[{"embeddable":true,"href":"https:\/\/rnpremium.com.br\/loja\/wp-json\/wp\/v2\/media\/234"}],"wp:attachment":[{"href":"https:\/\/rnpremium.com.br\/loja\/wp-json\/wp\/v2\/media?parent=102"}],"wp:term":[{"taxonomy":"product_brand","embeddable":true,"href":"https:\/\/rnpremium.com.br\/loja\/wp-json\/wp\/v2\/product_brand?post=102"},{"taxonomy":"product_cat","embeddable":true,"href":"https:\/\/rnpremium.com.br\/loja\/wp-json\/wp\/v2\/product_cat?post=102"},{"taxonomy":"product_tag","embeddable":true,"href":"https:\/\/rnpremium.com.br\/loja\/wp-json\/wp\/v2\/product_tag?post=102"}],"curies":[{"name":"wp","href":"https:\/\/api.w.org\/{rel}","templated":true}]}}