{"id":186,"date":"2021-04-27T18:58:56","date_gmt":"2021-04-27T21:58:56","guid":{"rendered":"http:\/\/rnpremium.com.br\/loja\/?page_id=186"},"modified":"2021-04-27T18:58:56","modified_gmt":"2021-04-27T21:58:56","slug":"entregas","status":"publish","type":"page","link":"https:\/\/rnpremium.com.br\/loja\/entregas\/","title":{"rendered":"Entregas"},"content":{"rendered":"\n<h3 class=\"wp-block-heading\">1. N\u00e3o cobramos entregas para os bairros abaixo:<\/h3>\n\n\n\n<p>Alecrim, Areia Preta, Barro Vermelho, Bairro nazar\u00e9, Bairro Nordeste, Bom Pastor, Candelaria, Capim Macio, Cidade Alta, Cidade da Esperan\u00e7a, Cidade Nova, Cidade Verde, Dix Sept Rosado, Felipe Camar\u00e3o, Lagoa Nova, Lagoa Seca, M\u00e3e Luiza, Mirassol, Morro Branco, Neopolis, Nova Cidade, Nova Descoberta, Nova Parnamirim, Petropolis, Pitimbu, Planalto, Ponta Negra, Potilandia, Praia do Meio, Quinta, Ribeira, Rocas, San vale, Santos Reis, Tirol, Via costeira.<\/p>\n\n\n\n<h3 class=\"wp-block-heading\">2. Cobramos R$10 de taxa de entrega para os bairros abaixo:<\/h3>\n\n\n\n<p>Igap\u00f3, Potengi, Santar\u00e9m, Paju\u00e7ara, Nossa Senhora Apresenta\u00e7\u00e3o, Ema\u00fas, Lagoa Azul, Redinha<\/p>\n\n\n\n<h3 class=\"wp-block-heading\">3. N\u00e3o entregamos para os bairros abaixo:<\/h3>\n\n\n\n<p>Cajupiranga, Parnamirim, S\u00e3o Gon\u00e7alo do Amarante, Extremoz, Cear\u00e1 Mirim, Maca\u00edba.<\/p>\n","protected":false},"excerpt":{"rendered":"<p>1. N\u00e3o cobramos entregas para os bairros abaixo: Alecrim, Areia Preta, Barro Vermelho, Bairro nazar\u00e9, Bairro Nordeste, Bom Pastor, Candelaria, Capim Macio, Cidade Alta, Cidade da Esperan\u00e7a, Cidade Nova, Cidade Verde, Dix Sept Rosado, Felipe Camar\u00e3o, Lagoa Nova, Lagoa Seca, M\u00e3e Luiza, Mirassol, Morro Branco, Neopolis, Nova Cidade, Nova Descoberta, Nova Parnamirim, Petropolis, Pitimbu, Planalto, [&hellip;]<\/p>\n","protected":false},"author":1,"featured_media":0,"parent":0,"menu_order":0,"comment_status":"closed","ping_status":"closed","template":"","meta":{"footnotes":""},"class_list":["post-186","page","type-page","status-publish","hentry"],"_links":{"self":[{"href":"https:\/\/rnpremium.com.br\/loja\/wp-json\/wp\/v2\/pages\/186","targetHints":{"allow":["GET"]}}],"collection":[{"href":"https:\/\/rnpremium.com.br\/loja\/wp-json\/wp\/v2\/pages"}],"about":[{"href":"https:\/\/rnpremium.com.br\/loja\/wp-json\/wp\/v2\/types\/page"}],"author":[{"embeddable":true,"href":"https:\/\/rnpremium.com.br\/loja\/wp-json\/wp\/v2\/users\/1"}],"replies":[{"embeddable":true,"href":"https:\/\/rnpremium.com.br\/loja\/wp-json\/wp\/v2\/comments?post=186"}],"version-history":[{"count":1,"href":"https:\/\/rnpremium.com.br\/loja\/wp-json\/wp\/v2\/pages\/186\/revisions"}],"predecessor-version":[{"id":187,"href":"https:\/\/rnpremium.com.br\/loja\/wp-json\/wp\/v2\/pages\/186\/revisions\/187"}],"wp:attachment":[{"href":"https:\/\/rnpremium.com.br\/loja\/wp-json\/wp\/v2\/media?parent=186"}],"curies":[{"name":"wp","href":"https:\/\/api.w.org\/{rel}","templated":true}]}}